{"id":2045,"date":"2018-05-25T15:00:52","date_gmt":"2018-05-25T13:00:52","guid":{"rendered":"https:\/\/www.pmfmetals.ch\/?page_id=2045"},"modified":"2018-05-25T15:06:35","modified_gmt":"2018-05-25T13:06:35","slug":"taetigkeitsbereiche","status":"publish","type":"page","link":"https:\/\/www.pmfmetals.ch\/de\/taetigkeitsbereiche\/","title":{"rendered":"T\u00e4tigkeitsbereiche"},"content":{"rendered":"<p><div class=\"fusion-fullwidth fullwidth-box fusion-builder-row-1 nonhundred-percent-fullwidth non-hundred-percent-height-scrolling\" style=\"--awb-border-radius-top-left:0px;--awb-border-radius-top-right:0px;--awb-border-radius-bottom-right:0px;--awb-border-radius-bottom-left:0px;--awb-padding-top:0px;--awb-padding-bottom:20px;--awb-flex-wrap:wrap;\" ><div class=\"fusion-builder-row fusion-row\"><div class=\"fusion-layout-column fusion_builder_column fusion-builder-column-0 fusion_builder_column_1_1 1_1 fusion-one-full fusion-column-first fusion-column-last\" style=\"--awb-bg-size:cover;\"><div class=\"fusion-column-wrapper fusion-flex-column-wrapper-legacy\"><div class=\"fusion-text fusion-text-1\"><h1 style=\"text-align: center;\">T\u00e4tigkeitsbereiche<\/h1>\n<\/div><div class=\"fusion-clearfix\"><\/div><\/div><\/div><\/div><\/div><div class=\"fusion-fullwidth fullwidth-box fusion-builder-row-2 nonhundred-percent-fullwidth non-hundred-percent-height-scrolling\" style=\"--awb-border-radius-top-left:0px;--awb-border-radius-top-right:0px;--awb-border-radius-bottom-right:0px;--awb-border-radius-bottom-left:0px;--awb-flex-wrap:wrap;\" ><div class=\"fusion-builder-row fusion-row\"><div class=\"fusion-layout-column fusion_builder_column fusion-builder-column-1 fusion_builder_column_1_1 1_1 fusion-one-full fusion-column-first fusion-column-last\" style=\"--awb-bg-size:cover;--awb-margin-bottom:0px;\"><div class=\"fusion-column-wrapper fusion-flex-column-wrapper-legacy\"><div class=\"fusion-text fusion-text-2\"><p style=\"text-align: center;\">Notre client\u00e8le principale est constitu\u00e9e d\u2019entreprises de l\u2019industrie du<br \/>\nd\u00e9colletage; nos livraisons se retrouvent ainsi dans une grande vari\u00e9t\u00e9<br \/>\nde produits finis des secteurs industriels suivants :<\/p>\n<\/div><div class=\"fusion-clearfix\"><\/div><\/div><\/div><\/div><\/div><div class=\"fusion-fullwidth fullwidth-box fusion-builder-row-3 nonhundred-percent-fullwidth non-hundred-percent-height-scrolling\" style=\"--awb-border-radius-top-left:0px;--awb-border-radius-top-right:0px;--awb-border-radius-bottom-right:0px;--awb-border-radius-bottom-left:0px;--awb-padding-top:20px;--awb-padding-right:50px;--awb-padding-bottom:0px;--awb-padding-left:50px;--awb-flex-wrap:wrap;\" ><div class=\"fusion-builder-row fusion-row\"><div class=\"fusion-layout-column fusion_builder_column fusion-builder-column-2 fusion_builder_column_1_6 1_6 fusion-one-sixth fusion-column-first\" style=\"--awb-bg-size:cover;width:16.666666666667%;width:calc(16.666666666667% - ( ( 0 + 0 + 0 + 0 + 0 ) * 0.16666666666667 ) );margin-right: 0px;\"><div class=\"fusion-column-wrapper fusion-flex-column-wrapper-legacy\"><div class=\"fusion-clearfix\"><\/div><\/div><\/div><div class=\"fusion-layout-column fusion_builder_column fusion-builder-column-3 fusion_builder_column_1_6 1_6 fusion-one-sixth\" style=\"--awb-bg-size:cover;width:16.666666666667%;width:calc(16.666666666667% - ( ( 0 + 0 + 0 + 0 + 0 ) * 0.16666666666667 ) );margin-right: 0px;\"><div class=\"fusion-column-wrapper fusion-flex-column-wrapper-legacy\"><div class=\"fusion-image-element fusion-image-align-center in-legacy-container\" style=\"text-align:center;--awb-caption-title-font-family:var(--h2_typography-font-family);--awb-caption-title-font-weight:var(--h2_typography-font-weight);--awb-caption-title-font-style:var(--h2_typography-font-style);--awb-caption-title-size:var(--h2_typography-font-size);--awb-caption-title-transform:var(--h2_typography-text-transform);--awb-caption-title-line-height:var(--h2_typography-line-height);--awb-caption-title-letter-spacing:var(--h2_typography-letter-spacing);\"><div class=\"imageframe-align-center\"><span class=\" fusion-imageframe imageframe-none imageframe-1 hover-type-none\" style=\"border:10px solid rgba(234,234,234,0);\"><img decoding=\"async\" width=\"100\" height=\"100\" title=\"picto_delay\" src=\"https:\/\/www.pmfmetals.ch\/wp-content\/uploads\/2015\/10\/picto_delay.png\" alt class=\"img-responsive wp-image-1343\" srcset=\"https:\/\/www.pmfmetals.ch\/wp-content\/uploads\/2015\/10\/picto_delay-66x66.png 66w, https:\/\/www.pmfmetals.ch\/wp-content\/uploads\/2015\/10\/picto_delay.png 100w\" sizes=\"(max-width: 100px) 100vw, 100px\" \/><\/span><\/div><\/div><div class=\"fusion-text fusion-text-3\"><p style=\"text-align: center;\">Telefonie<\/p>\n<\/div><div class=\"fusion-clearfix\"><\/div><\/div><\/div><div class=\"fusion-layout-column fusion_builder_column fusion-builder-column-4 fusion_builder_column_1_6 1_6 fusion-one-sixth\" style=\"--awb-bg-size:cover;width:16.666666666667%;width:calc(16.666666666667% - ( ( 0 + 0 + 0 + 0 + 0 ) * 0.16666666666667 ) );margin-right: 0px;\"><div class=\"fusion-column-wrapper fusion-flex-column-wrapper-legacy\"><div class=\"fusion-image-element fusion-image-align-center in-legacy-container\" style=\"text-align:center;--awb-caption-title-font-family:var(--h2_typography-font-family);--awb-caption-title-font-weight:var(--h2_typography-font-weight);--awb-caption-title-font-style:var(--h2_typography-font-style);--awb-caption-title-size:var(--h2_typography-font-size);--awb-caption-title-transform:var(--h2_typography-text-transform);--awb-caption-title-line-height:var(--h2_typography-line-height);--awb-caption-title-letter-spacing:var(--h2_typography-letter-spacing);\"><div class=\"imageframe-align-center\"><span class=\" fusion-imageframe imageframe-none imageframe-2 hover-type-none\" style=\"border:10px solid rgba(234,234,234,0);\"><img decoding=\"async\" width=\"100\" height=\"100\" title=\"picto-automobile\" src=\"https:\/\/www.pmfmetals.ch\/wp-content\/uploads\/2017\/03\/picto-automobile-e1493110930385.png\" alt class=\"img-responsive wp-image-1731\"\/><\/span><\/div><\/div><div class=\"fusion-text fusion-text-4\"><p style=\"text-align: center;\">Automobilindustrie<\/p>\n<\/div><div class=\"fusion-clearfix\"><\/div><\/div><\/div><div class=\"fusion-layout-column fusion_builder_column fusion-builder-column-5 fusion_builder_column_1_6 1_6 fusion-one-sixth\" style=\"--awb-bg-size:cover;width:16.666666666667%;width:calc(16.666666666667% - ( ( 0 + 0 + 0 + 0 + 0 ) * 0.16666666666667 ) );margin-right: 0px;\"><div class=\"fusion-column-wrapper fusion-flex-column-wrapper-legacy\"><div class=\"fusion-image-element fusion-image-align-center in-legacy-container\" style=\"text-align:center;--awb-caption-title-font-family:var(--h2_typography-font-family);--awb-caption-title-font-weight:var(--h2_typography-font-weight);--awb-caption-title-font-style:var(--h2_typography-font-style);--awb-caption-title-size:var(--h2_typography-font-size);--awb-caption-title-transform:var(--h2_typography-text-transform);--awb-caption-title-line-height:var(--h2_typography-line-height);--awb-caption-title-letter-spacing:var(--h2_typography-letter-spacing);\"><div class=\"imageframe-align-center\"><span class=\" fusion-imageframe imageframe-none imageframe-3 hover-type-none\" style=\"border:10px solid rgba(234,234,234,0);\"><img decoding=\"async\" width=\"100\" height=\"100\" title=\"picto_conform\" src=\"https:\/\/www.pmfmetals.ch\/wp-content\/uploads\/2015\/10\/picto_conform.png\" alt class=\"img-responsive wp-image-1344\" srcset=\"https:\/\/www.pmfmetals.ch\/wp-content\/uploads\/2015\/10\/picto_conform-66x66.png 66w, https:\/\/www.pmfmetals.ch\/wp-content\/uploads\/2015\/10\/picto_conform.png 100w\" sizes=\"(max-width: 100px) 100vw, 100px\" \/><\/span><\/div><\/div><div class=\"fusion-text fusion-text-5\"><p style=\"text-align: center;\">Medizinische<\/p>\n<\/div><div class=\"fusion-clearfix\"><\/div><\/div><\/div><div class=\"fusion-layout-column fusion_builder_column fusion-builder-column-6 fusion_builder_column_1_6 1_6 fusion-one-sixth\" style=\"--awb-bg-size:cover;width:16.666666666667%;width:calc(16.666666666667% - ( ( 0 + 0 + 0 + 0 + 0 ) * 0.16666666666667 ) );margin-right: 0px;\"><div class=\"fusion-column-wrapper fusion-flex-column-wrapper-legacy\"><div class=\"fusion-image-element fusion-image-align-center in-legacy-container\" style=\"text-align:center;--awb-caption-title-font-family:var(--h2_typography-font-family);--awb-caption-title-font-weight:var(--h2_typography-font-weight);--awb-caption-title-font-style:var(--h2_typography-font-style);--awb-caption-title-size:var(--h2_typography-font-size);--awb-caption-title-transform:var(--h2_typography-text-transform);--awb-caption-title-line-height:var(--h2_typography-line-height);--awb-caption-title-letter-spacing:var(--h2_typography-letter-spacing);\"><div class=\"imageframe-align-center\"><span class=\" fusion-imageframe imageframe-none imageframe-4 hover-type-none\" style=\"border:10px solid rgba(234,234,234,0);\"><img decoding=\"async\" width=\"100\" height=\"100\" title=\"picto-dentaire\" src=\"https:\/\/www.pmfmetals.ch\/wp-content\/uploads\/2017\/03\/picto-dentaire-e1493110977278.png\" alt class=\"img-responsive wp-image-1733\"\/><\/span><\/div><\/div><div class=\"fusion-text fusion-text-6\"><p style=\"text-align: center;\">Zahn\u00e4rztliche<\/p>\n<\/div><div class=\"fusion-clearfix\"><\/div><\/div><\/div><div class=\"fusion-layout-column fusion_builder_column fusion-builder-column-7 fusion_builder_column_1_6 1_6 fusion-one-sixth fusion-column-last\" style=\"--awb-bg-size:cover;width:16.666666666667%;width:calc(16.666666666667% - ( ( 0 + 0 + 0 + 0 + 0 ) * 0.16666666666667 ) );\"><div class=\"fusion-column-wrapper fusion-flex-column-wrapper-legacy\"><div class=\"fusion-clearfix\"><\/div><\/div><\/div><\/div><\/div><div class=\"fusion-fullwidth fullwidth-box fusion-builder-row-4 nonhundred-percent-fullwidth non-hundred-percent-height-scrolling\" style=\"--awb-border-radius-top-left:0px;--awb-border-radius-top-right:0px;--awb-border-radius-bottom-right:0px;--awb-border-radius-bottom-left:0px;--awb-padding-top:0px;--awb-padding-right:70px;--awb-padding-bottom:20px;--awb-padding-left:70px;--awb-flex-wrap:wrap;\" ><div class=\"fusion-builder-row fusion-row\"><div class=\"fusion-layout-column fusion_builder_column fusion-builder-column-8 fusion_builder_column_1_5 1_5 fusion-one-fifth fusion-column-first\" style=\"--awb-bg-size:cover;width:20%;width:calc(20% - ( ( 4% + 4% + 4% + 4% ) * 0.2 ) );margin-right: 4%;\"><div class=\"fusion-column-wrapper fusion-flex-column-wrapper-legacy\"><div class=\"fusion-clearfix\"><\/div><\/div><\/div><div class=\"fusion-layout-column fusion_builder_column fusion-builder-column-9 fusion_builder_column_1_5 1_5 fusion-one-fifth\" style=\"--awb-bg-size:cover;width:20%;width:calc(20% - ( ( 4% + 4% + 4% + 4% ) * 0.2 ) );margin-right: 4%;\"><div class=\"fusion-column-wrapper fusion-flex-column-wrapper-legacy\"><div class=\"fusion-image-element fusion-image-align-center in-legacy-container\" style=\"text-align:center;--awb-caption-title-font-family:var(--h2_typography-font-family);--awb-caption-title-font-weight:var(--h2_typography-font-weight);--awb-caption-title-font-style:var(--h2_typography-font-style);--awb-caption-title-size:var(--h2_typography-font-size);--awb-caption-title-transform:var(--h2_typography-text-transform);--awb-caption-title-line-height:var(--h2_typography-line-height);--awb-caption-title-letter-spacing:var(--h2_typography-letter-spacing);\"><div class=\"imageframe-align-center\"><span class=\" fusion-imageframe imageframe-none imageframe-5 hover-type-none\" style=\"border:10px solid rgba(234,234,234,0);\"><img decoding=\"async\" width=\"100\" height=\"100\" title=\"picto-time\" src=\"https:\/\/www.pmfmetals.ch\/wp-content\/uploads\/2015\/10\/picto-time.png\" alt class=\"img-responsive wp-image-1345\" srcset=\"https:\/\/www.pmfmetals.ch\/wp-content\/uploads\/2015\/10\/picto-time-66x66.png 66w, https:\/\/www.pmfmetals.ch\/wp-content\/uploads\/2015\/10\/picto-time.png 100w\" sizes=\"(max-width: 100px) 100vw, 100px\" \/><\/span><\/div><\/div><div class=\"fusion-text fusion-text-7\"><p style=\"text-align: center;\">Uhren<\/p>\n<\/div><div class=\"fusion-clearfix\"><\/div><\/div><\/div><div class=\"fusion-layout-column fusion_builder_column fusion-builder-column-10 fusion_builder_column_1_5 1_5 fusion-one-fifth\" style=\"--awb-bg-size:cover;width:20%;width:calc(20% - ( ( 4% + 4% + 4% + 4% ) * 0.2 ) );margin-right: 4%;\"><div class=\"fusion-column-wrapper fusion-flex-column-wrapper-legacy\"><div class=\"fusion-image-element fusion-image-align-center in-legacy-container\" style=\"text-align:center;--awb-caption-title-font-family:var(--h2_typography-font-family);--awb-caption-title-font-weight:var(--h2_typography-font-weight);--awb-caption-title-font-style:var(--h2_typography-font-style);--awb-caption-title-size:var(--h2_typography-font-size);--awb-caption-title-transform:var(--h2_typography-text-transform);--awb-caption-title-line-height:var(--h2_typography-line-height);--awb-caption-title-letter-spacing:var(--h2_typography-letter-spacing);\"><div class=\"imageframe-align-center\"><span class=\" fusion-imageframe imageframe-none imageframe-6 hover-type-none\" style=\"border:10px solid rgba(234,234,234,0);\"><img decoding=\"async\" width=\"100\" height=\"100\" title=\"picto-advise\" src=\"https:\/\/www.pmfmetals.ch\/wp-content\/uploads\/2015\/10\/picto-advise.png\" alt class=\"img-responsive wp-image-1341\" srcset=\"https:\/\/www.pmfmetals.ch\/wp-content\/uploads\/2015\/10\/picto-advise-66x66.png 66w, https:\/\/www.pmfmetals.ch\/wp-content\/uploads\/2015\/10\/picto-advise.png 100w\" sizes=\"(max-width: 100px) 100vw, 100px\" \/><\/span><\/div><\/div><div class=\"fusion-text fusion-text-8\"><p style=\"text-align: center;\">Brillenherstellung<\/p>\n<\/div><div class=\"fusion-clearfix\"><\/div><\/div><\/div><div class=\"fusion-layout-column fusion_builder_column fusion-builder-column-11 fusion_builder_column_1_5 1_5 fusion-one-fifth\" style=\"--awb-bg-size:cover;width:20%;width:calc(20% - ( ( 4% + 4% + 4% + 4% ) * 0.2 ) );margin-right: 4%;\"><div class=\"fusion-column-wrapper fusion-flex-column-wrapper-legacy\"><div class=\"fusion-image-element fusion-image-align-center in-legacy-container\" style=\"text-align:center;--awb-caption-title-font-family:var(--h2_typography-font-family);--awb-caption-title-font-weight:var(--h2_typography-font-weight);--awb-caption-title-font-style:var(--h2_typography-font-style);--awb-caption-title-size:var(--h2_typography-font-size);--awb-caption-title-transform:var(--h2_typography-text-transform);--awb-caption-title-line-height:var(--h2_typography-line-height);--awb-caption-title-letter-spacing:var(--h2_typography-letter-spacing);\"><div class=\"imageframe-align-center\"><span class=\" fusion-imageframe imageframe-none imageframe-7 hover-type-none\" style=\"border:10px solid rgba(234,234,234,0);\"><img decoding=\"async\" width=\"100\" height=\"100\" title=\"picto-patinage\" src=\"https:\/\/www.pmfmetals.ch\/wp-content\/uploads\/2017\/03\/picto-patinage-e1493110990290.png\" alt class=\"img-responsive wp-image-1734\"\/><\/span><\/div><\/div><div class=\"fusion-text fusion-text-9\"><p style=\"text-align: center;\">Sport<\/p>\n<\/div><div class=\"fusion-clearfix\"><\/div><\/div><\/div><div class=\"fusion-layout-column fusion_builder_column fusion-builder-column-12 fusion_builder_column_1_5 1_5 fusion-one-fifth fusion-column-last\" style=\"--awb-bg-size:cover;width:20%;width:calc(20% - ( ( 4% + 4% + 4% + 4% ) * 0.2 ) );\"><div class=\"fusion-column-wrapper fusion-flex-column-wrapper-legacy\"><div class=\"fusion-clearfix\"><\/div><\/div><\/div><\/div><\/div><\/p>\n","protected":false},"excerpt":{"rendered":"","protected":false},"author":5,"featured_media":0,"parent":0,"menu_order":0,"comment_status":"closed","ping_status":"closed","template":"","meta":{"footnotes":""},"class_list":["post-2045","page","type-page","status-publish","hentry"],"yoast_head":"<!-- This site is optimized with the Yoast SEO plugin v27.5 - https:\/\/yoast.com\/product\/yoast-seo-wordpress\/ -->\n<title>T\u00e4tigkeitsbereiche - PMF Metals<\/title>\n<meta name=\"robots\" content=\"index, follow, max-snippet:-1, max-image-preview:large, max-video-preview:-1\" \/>\n<link rel=\"canonical\" href=\"https:\/\/www.pmfmetals.ch\/de\/taetigkeitsbereiche\/\" \/>\n<meta property=\"og:locale\" content=\"de_DE\" \/>\n<meta property=\"og:type\" content=\"article\" \/>\n<meta property=\"og:title\" content=\"T\u00e4tigkeitsbereiche - PMF Metals\" \/>\n<meta property=\"og:url\" content=\"https:\/\/www.pmfmetals.ch\/de\/taetigkeitsbereiche\/\" \/>\n<meta property=\"og:site_name\" content=\"PMF Metals\" \/>\n<meta property=\"article:modified_time\" content=\"2018-05-25T13:06:35+00:00\" \/>\n<meta name=\"twitter:card\" content=\"summary_large_image\" \/>\n<meta name=\"twitter:label1\" content=\"Gesch\u00e4tzte Lesezeit\" \/>\n\t<meta name=\"twitter:data1\" content=\"8\u00a0Minuten\" \/>\n<script type=\"application\/ld+json\" class=\"yoast-schema-graph\">{\"@context\":\"https:\\\/\\\/schema.org\",\"@graph\":[{\"@type\":\"WebPage\",\"@id\":\"https:\\\/\\\/www.pmfmetals.ch\\\/de\\\/taetigkeitsbereiche\\\/\",\"url\":\"https:\\\/\\\/www.pmfmetals.ch\\\/de\\\/taetigkeitsbereiche\\\/\",\"name\":\"T\u00e4tigkeitsbereiche - PMF Metals\",\"isPartOf\":{\"@id\":\"https:\\\/\\\/www.pmfmetals.ch\\\/#website\"},\"datePublished\":\"2018-05-25T13:00:52+00:00\",\"dateModified\":\"2018-05-25T13:06:35+00:00\",\"breadcrumb\":{\"@id\":\"https:\\\/\\\/www.pmfmetals.ch\\\/de\\\/taetigkeitsbereiche\\\/#breadcrumb\"},\"inLanguage\":\"de\",\"potentialAction\":[{\"@type\":\"ReadAction\",\"target\":[\"https:\\\/\\\/www.pmfmetals.ch\\\/de\\\/taetigkeitsbereiche\\\/\"]}]},{\"@type\":\"BreadcrumbList\",\"@id\":\"https:\\\/\\\/www.pmfmetals.ch\\\/de\\\/taetigkeitsbereiche\\\/#breadcrumb\",\"itemListElement\":[{\"@type\":\"ListItem\",\"position\":1,\"name\":\"Home\",\"item\":\"https:\\\/\\\/www.pmfmetals.ch\\\/de\\\/\"},{\"@type\":\"ListItem\",\"position\":2,\"name\":\"T\u00e4tigkeitsbereiche\"}]},{\"@type\":\"WebSite\",\"@id\":\"https:\\\/\\\/www.pmfmetals.ch\\\/#website\",\"url\":\"https:\\\/\\\/www.pmfmetals.ch\\\/\",\"name\":\"PMF Metals\",\"description\":\"\",\"potentialAction\":[{\"@type\":\"SearchAction\",\"target\":{\"@type\":\"EntryPoint\",\"urlTemplate\":\"https:\\\/\\\/www.pmfmetals.ch\\\/?s={search_term_string}\"},\"query-input\":{\"@type\":\"PropertyValueSpecification\",\"valueRequired\":true,\"valueName\":\"search_term_string\"}}],\"inLanguage\":\"de\"}]}<\/script>\n<!-- \/ Yoast SEO plugin. -->","yoast_head_json":{"title":"T\u00e4tigkeitsbereiche - PMF Metals","robots":{"index":"index","follow":"follow","max-snippet":"max-snippet:-1","max-image-preview":"max-image-preview:large","max-video-preview":"max-video-preview:-1"},"canonical":"https:\/\/www.pmfmetals.ch\/de\/taetigkeitsbereiche\/","og_locale":"de_DE","og_type":"article","og_title":"T\u00e4tigkeitsbereiche - PMF Metals","og_url":"https:\/\/www.pmfmetals.ch\/de\/taetigkeitsbereiche\/","og_site_name":"PMF Metals","article_modified_time":"2018-05-25T13:06:35+00:00","twitter_card":"summary_large_image","twitter_misc":{"Gesch\u00e4tzte Lesezeit":"8\u00a0Minuten"},"schema":{"@context":"https:\/\/schema.org","@graph":[{"@type":"WebPage","@id":"https:\/\/www.pmfmetals.ch\/de\/taetigkeitsbereiche\/","url":"https:\/\/www.pmfmetals.ch\/de\/taetigkeitsbereiche\/","name":"T\u00e4tigkeitsbereiche - PMF Metals","isPartOf":{"@id":"https:\/\/www.pmfmetals.ch\/#website"},"datePublished":"2018-05-25T13:00:52+00:00","dateModified":"2018-05-25T13:06:35+00:00","breadcrumb":{"@id":"https:\/\/www.pmfmetals.ch\/de\/taetigkeitsbereiche\/#breadcrumb"},"inLanguage":"de","potentialAction":[{"@type":"ReadAction","target":["https:\/\/www.pmfmetals.ch\/de\/taetigkeitsbereiche\/"]}]},{"@type":"BreadcrumbList","@id":"https:\/\/www.pmfmetals.ch\/de\/taetigkeitsbereiche\/#breadcrumb","itemListElement":[{"@type":"ListItem","position":1,"name":"Home","item":"https:\/\/www.pmfmetals.ch\/de\/"},{"@type":"ListItem","position":2,"name":"T\u00e4tigkeitsbereiche"}]},{"@type":"WebSite","@id":"https:\/\/www.pmfmetals.ch\/#website","url":"https:\/\/www.pmfmetals.ch\/","name":"PMF Metals","description":"","potentialAction":[{"@type":"SearchAction","target":{"@type":"EntryPoint","urlTemplate":"https:\/\/www.pmfmetals.ch\/?s={search_term_string}"},"query-input":{"@type":"PropertyValueSpecification","valueRequired":true,"valueName":"search_term_string"}}],"inLanguage":"de"}]}},"_links":{"self":[{"href":"https:\/\/www.pmfmetals.ch\/de\/wp-json\/wp\/v2\/pages\/2045","targetHints":{"allow":["GET"]}}],"collection":[{"href":"https:\/\/www.pmfmetals.ch\/de\/wp-json\/wp\/v2\/pages"}],"about":[{"href":"https:\/\/www.pmfmetals.ch\/de\/wp-json\/wp\/v2\/types\/page"}],"author":[{"embeddable":true,"href":"https:\/\/www.pmfmetals.ch\/de\/wp-json\/wp\/v2\/users\/5"}],"replies":[{"embeddable":true,"href":"https:\/\/www.pmfmetals.ch\/de\/wp-json\/wp\/v2\/comments?post=2045"}],"version-history":[{"count":2,"href":"https:\/\/www.pmfmetals.ch\/de\/wp-json\/wp\/v2\/pages\/2045\/revisions"}],"predecessor-version":[{"id":2057,"href":"https:\/\/www.pmfmetals.ch\/de\/wp-json\/wp\/v2\/pages\/2045\/revisions\/2057"}],"wp:attachment":[{"href":"https:\/\/www.pmfmetals.ch\/de\/wp-json\/wp\/v2\/media?parent=2045"}],"curies":[{"name":"wp","href":"https:\/\/api.w.org\/{rel}","templated":true}]}}