{"id":2018,"date":"2018-05-25T14:46:15","date_gmt":"2018-05-25T12:46:15","guid":{"rendered":"https:\/\/www.pmfmetals.ch\/?page_id=2018"},"modified":"2018-05-25T14:48:33","modified_gmt":"2018-05-25T12:48:33","slug":"about-us","status":"publish","type":"page","link":"https:\/\/www.pmfmetals.ch\/en\/about-us\/","title":{"rendered":"About us"},"content":{"rendered":"<p><div class=\"fusion-fullwidth fullwidth-box fusion-builder-row-1 nonhundred-percent-fullwidth non-hundred-percent-height-scrolling\" style=\"--awb-border-radius-top-left:0px;--awb-border-radius-top-right:0px;--awb-border-radius-bottom-right:0px;--awb-border-radius-bottom-left:0px;--awb-flex-wrap:wrap;\" ><div class=\"fusion-builder-row fusion-row\"><div class=\"fusion-layout-column fusion_builder_column fusion-builder-column-0 fusion_builder_column_1_1 1_1 fusion-one-full fusion-column-first fusion-column-last\" style=\"--awb-bg-size:cover;--awb-margin-bottom:0px;\"><div class=\"fusion-column-wrapper fusion-flex-column-wrapper-legacy\"><div class=\"fusion-text fusion-text-1\"><h1 style=\"text-align: center;\">About us<\/h1>\n<\/div><div class=\"fusion-clearfix\"><\/div><\/div><\/div><\/div><\/div><div class=\"fusion-fullwidth fullwidth-box fusion-builder-row-2 nonhundred-percent-fullwidth non-hundred-percent-height-scrolling\" style=\"--awb-border-radius-top-left:0px;--awb-border-radius-top-right:0px;--awb-border-radius-bottom-right:0px;--awb-border-radius-bottom-left:0px;--awb-padding-top:20px;--awb-flex-wrap:wrap;\" ><div class=\"fusion-builder-row fusion-row\"><div class=\"fusion-layout-column fusion_builder_column fusion-builder-column-1 fusion_builder_column_1_1 1_1 fusion-one-full fusion-column-first fusion-column-last\" style=\"--awb-bg-size:cover;\"><div class=\"fusion-column-wrapper fusion-flex-column-wrapper-legacy\"><div class=\"fusion-text fusion-text-2\"><h3 style=\"text-align: left;\">wire drawing, rolling of sections, drawing and straightening of round wires, rolling and straightening of shaped wires<\/h3>\n<\/div><div class=\"fusion-clearfix\"><\/div><\/div><\/div><\/div><\/div><div class=\"fusion-fullwidth fullwidth-box fusion-builder-row-3 nonhundred-percent-fullwidth non-hundred-percent-height-scrolling\" style=\"--awb-border-radius-top-left:0px;--awb-border-radius-top-right:0px;--awb-border-radius-bottom-right:0px;--awb-border-radius-bottom-left:0px;--awb-padding-bottom:20px;--awb-flex-wrap:wrap;\" ><div class=\"fusion-builder-row fusion-row\"><div class=\"fusion-layout-column fusion_builder_column fusion-builder-column-2 fusion_builder_column_1_1 1_1 fusion-one-full fusion-column-first fusion-column-last\" style=\"--awb-bg-size:cover;\"><div class=\"fusion-column-wrapper fusion-flex-column-wrapper-legacy\"><div class=\"fusion-text fusion-text-3\"><p>Founded in 1991, PMF metals SA now employs 10 persons.<\/p>\n<p>Our family business is located in the heart of the Jura region, an area well known for the quality of its products, especially in the field of precision.<br \/>\nOur motto \u00ab la haute pr\u00e9cision \u00e0 votre \u00e9coute \u00bb perfectly emphasizes our company\u2019s philosophy.<br \/>\nMore than a simple supplier we would like to be considered as a full partner by ours clients. We accompany them from the sketch to the finished product, so that they obtain exactly the product and service they desire.<br \/>\nOur production equipment, our know-how and our constant commitment to innovation enable us to provide a personalized assistance.<\/p>\n<p>The high competency of our employees and permanent quality-controls warrant high precision and irreproachable quality for wire drawing, rolling of sections, drawing and straightening of round wires, rolling and straightening of shaped wires.<br \/>\nOur clients are mainly factories of the automatic turning industry ; thus our deliveries can be found in a large variety of finished products.<br \/>\nWe are a raw material supplier as well as a transformation unit for stainless and spring stainless steel, hardenable stainless steel, titanium and its alloys, non ferrous metals and special alloys to precise client specifications.<\/p>\n<\/div><div class=\"fusion-clearfix\"><\/div><\/div><\/div><\/div><\/div><div class=\"fusion-fullwidth fullwidth-box fusion-builder-row-4 nonhundred-percent-fullwidth non-hundred-percent-height-scrolling\" style=\"--awb-border-radius-top-left:0px;--awb-border-radius-top-right:0px;--awb-border-radius-bottom-right:0px;--awb-border-radius-bottom-left:0px;--awb-padding-top:20px;--awb-padding-bottom:20px;--awb-flex-wrap:wrap;\" ><div class=\"fusion-builder-row fusion-row\"><div class=\"fusion-layout-column fusion_builder_column fusion-builder-column-3 fusion_builder_column_1_2 1_2 fusion-one-half fusion-column-first\" style=\"--awb-bg-size:cover;width:50%;width:calc(50% - ( ( 4% ) * 0.5 ) );margin-right: 4%;\"><div class=\"fusion-column-wrapper fusion-flex-column-wrapper-legacy\"><div class=\"fusion-image-element in-legacy-container\" style=\"--awb-caption-title-font-family:var(--h2_typography-font-family);--awb-caption-title-font-weight:var(--h2_typography-font-weight);--awb-caption-title-font-style:var(--h2_typography-font-style);--awb-caption-title-size:var(--h2_typography-font-size);--awb-caption-title-transform:var(--h2_typography-text-transform);--awb-caption-title-line-height:var(--h2_typography-line-height);--awb-caption-title-letter-spacing:var(--h2_typography-letter-spacing);\"><span class=\" fusion-imageframe imageframe-none imageframe-1 hover-type-none\"><img decoding=\"async\" width=\"800\" height=\"533\" title=\"pmf pr\u00e9sentation\" src=\"https:\/\/www.pmfmetals.ch\/wp-content\/uploads\/2017\/02\/pmf_6-1.jpg\" alt class=\"img-responsive wp-image-1874\" srcset=\"https:\/\/www.pmfmetals.ch\/wp-content\/uploads\/2017\/02\/pmf_6-1-200x133.jpg 200w, https:\/\/www.pmfmetals.ch\/wp-content\/uploads\/2017\/02\/pmf_6-1-400x267.jpg 400w, https:\/\/www.pmfmetals.ch\/wp-content\/uploads\/2017\/02\/pmf_6-1-600x400.jpg 600w, https:\/\/www.pmfmetals.ch\/wp-content\/uploads\/2017\/02\/pmf_6-1.jpg 800w\" sizes=\"(max-width: 800px) 100vw, 600px\" \/><\/span><\/div><div class=\"fusion-clearfix\"><\/div><\/div><\/div><div class=\"fusion-layout-column fusion_builder_column fusion-builder-column-4 fusion_builder_column_1_2 1_2 fusion-one-half fusion-column-last\" style=\"--awb-bg-size:cover;width:50%;width:calc(50% - ( ( 4% ) * 0.5 ) );\"><div class=\"fusion-column-wrapper fusion-flex-column-wrapper-legacy\"><div class=\"fusion-image-element in-legacy-container\" style=\"--awb-caption-title-font-family:var(--h2_typography-font-family);--awb-caption-title-font-weight:var(--h2_typography-font-weight);--awb-caption-title-font-style:var(--h2_typography-font-style);--awb-caption-title-size:var(--h2_typography-font-size);--awb-caption-title-transform:var(--h2_typography-text-transform);--awb-caption-title-line-height:var(--h2_typography-line-height);--awb-caption-title-letter-spacing:var(--h2_typography-letter-spacing);\"><span class=\" fusion-imageframe imageframe-none imageframe-2 hover-type-none\"><img decoding=\"async\" width=\"800\" height=\"533\" title=\"pmf_6\" src=\"https:\/\/www.pmfmetals.ch\/wp-content\/uploads\/2017\/02\/pmf_6.jpg\" alt class=\"img-responsive wp-image-1698\" srcset=\"https:\/\/www.pmfmetals.ch\/wp-content\/uploads\/2017\/02\/pmf_6-200x133.jpg 200w, https:\/\/www.pmfmetals.ch\/wp-content\/uploads\/2017\/02\/pmf_6-400x267.jpg 400w, https:\/\/www.pmfmetals.ch\/wp-content\/uploads\/2017\/02\/pmf_6-600x400.jpg 600w, https:\/\/www.pmfmetals.ch\/wp-content\/uploads\/2017\/02\/pmf_6.jpg 800w\" sizes=\"(max-width: 800px) 100vw, 600px\" \/><\/span><\/div><div class=\"fusion-clearfix\"><\/div><\/div><\/div><\/div><\/div><div class=\"fusion-fullwidth fullwidth-box fusion-builder-row-5 nonhundred-percent-fullwidth non-hundred-percent-height-scrolling\" style=\"--awb-border-radius-top-left:0px;--awb-border-radius-top-right:0px;--awb-border-radius-bottom-right:0px;--awb-border-radius-bottom-left:0px;--awb-padding-top:20px;--awb-padding-bottom:20px;--awb-flex-wrap:wrap;\" ><div class=\"fusion-builder-row fusion-row\"><div class=\"fusion-layout-column fusion_builder_column fusion-builder-column-5 fusion_builder_column_1_1 1_1 fusion-one-full fusion-column-first fusion-column-last\" style=\"--awb-bg-size:cover;\"><div class=\"fusion-column-wrapper fusion-flex-column-wrapper-legacy\"><div class=\"fusion-text fusion-text-4\"><p>We secure you steady supply and a high availability of raw material thanks to our close collaboration with reputed providers.<br \/>\nWe may deliver your products in a variety of different packaging that includes coils, reels, bars and so on.<\/p>\n<p>Our large manufacturing space and our adaptable equipments allow us to respond quickly and at all time to your expectations.<br \/>\nOur pledge to continuous improvement leads us to build or adapt most of our production tools and appliances ourselves.<\/p>\n<\/div><div class=\"fusion-clearfix\"><\/div><\/div><\/div><\/div><\/div><\/p>\n","protected":false},"excerpt":{"rendered":"","protected":false},"author":5,"featured_media":0,"parent":0,"menu_order":0,"comment_status":"closed","ping_status":"closed","template":"","meta":{"footnotes":""},"class_list":["post-2018","page","type-page","status-publish","hentry"],"yoast_head":"<!-- This site is optimized with the Yoast SEO plugin v27.5 - https:\/\/yoast.com\/product\/yoast-seo-wordpress\/ -->\n<title>About us - PMF Metals<\/title>\n<meta name=\"robots\" content=\"index, follow, max-snippet:-1, max-image-preview:large, max-video-preview:-1\" \/>\n<link rel=\"canonical\" href=\"https:\/\/www.pmfmetals.ch\/en\/about-us\/\" \/>\n<meta property=\"og:locale\" content=\"en_US\" \/>\n<meta property=\"og:type\" content=\"article\" \/>\n<meta property=\"og:title\" content=\"About us - PMF Metals\" \/>\n<meta property=\"og:url\" content=\"https:\/\/www.pmfmetals.ch\/en\/about-us\/\" \/>\n<meta property=\"og:site_name\" content=\"PMF Metals\" \/>\n<meta property=\"article:modified_time\" content=\"2018-05-25T12:48:33+00:00\" \/>\n<meta name=\"twitter:card\" content=\"summary_large_image\" \/>\n<meta name=\"twitter:label1\" content=\"Est. reading time\" \/>\n\t<meta name=\"twitter:data1\" content=\"5 minutes\" \/>\n<script type=\"application\/ld+json\" class=\"yoast-schema-graph\">{\"@context\":\"https:\\\/\\\/schema.org\",\"@graph\":[{\"@type\":\"WebPage\",\"@id\":\"https:\\\/\\\/www.pmfmetals.ch\\\/en\\\/about-us\\\/\",\"url\":\"https:\\\/\\\/www.pmfmetals.ch\\\/en\\\/about-us\\\/\",\"name\":\"About us - PMF Metals\",\"isPartOf\":{\"@id\":\"https:\\\/\\\/www.pmfmetals.ch\\\/#website\"},\"datePublished\":\"2018-05-25T12:46:15+00:00\",\"dateModified\":\"2018-05-25T12:48:33+00:00\",\"breadcrumb\":{\"@id\":\"https:\\\/\\\/www.pmfmetals.ch\\\/en\\\/about-us\\\/#breadcrumb\"},\"inLanguage\":\"en-US\",\"potentialAction\":[{\"@type\":\"ReadAction\",\"target\":[\"https:\\\/\\\/www.pmfmetals.ch\\\/en\\\/about-us\\\/\"]}]},{\"@type\":\"BreadcrumbList\",\"@id\":\"https:\\\/\\\/www.pmfmetals.ch\\\/en\\\/about-us\\\/#breadcrumb\",\"itemListElement\":[{\"@type\":\"ListItem\",\"position\":1,\"name\":\"Home\",\"item\":\"https:\\\/\\\/www.pmfmetals.ch\\\/en\\\/\"},{\"@type\":\"ListItem\",\"position\":2,\"name\":\"About us\"}]},{\"@type\":\"WebSite\",\"@id\":\"https:\\\/\\\/www.pmfmetals.ch\\\/#website\",\"url\":\"https:\\\/\\\/www.pmfmetals.ch\\\/\",\"name\":\"PMF Metals\",\"description\":\"\",\"potentialAction\":[{\"@type\":\"SearchAction\",\"target\":{\"@type\":\"EntryPoint\",\"urlTemplate\":\"https:\\\/\\\/www.pmfmetals.ch\\\/?s={search_term_string}\"},\"query-input\":{\"@type\":\"PropertyValueSpecification\",\"valueRequired\":true,\"valueName\":\"search_term_string\"}}],\"inLanguage\":\"en-US\"}]}<\/script>\n<!-- \/ Yoast SEO plugin. -->","yoast_head_json":{"title":"About us - PMF Metals","robots":{"index":"index","follow":"follow","max-snippet":"max-snippet:-1","max-image-preview":"max-image-preview:large","max-video-preview":"max-video-preview:-1"},"canonical":"https:\/\/www.pmfmetals.ch\/en\/about-us\/","og_locale":"en_US","og_type":"article","og_title":"About us - PMF Metals","og_url":"https:\/\/www.pmfmetals.ch\/en\/about-us\/","og_site_name":"PMF Metals","article_modified_time":"2018-05-25T12:48:33+00:00","twitter_card":"summary_large_image","twitter_misc":{"Est. reading time":"5 minutes"},"schema":{"@context":"https:\/\/schema.org","@graph":[{"@type":"WebPage","@id":"https:\/\/www.pmfmetals.ch\/en\/about-us\/","url":"https:\/\/www.pmfmetals.ch\/en\/about-us\/","name":"About us - PMF Metals","isPartOf":{"@id":"https:\/\/www.pmfmetals.ch\/#website"},"datePublished":"2018-05-25T12:46:15+00:00","dateModified":"2018-05-25T12:48:33+00:00","breadcrumb":{"@id":"https:\/\/www.pmfmetals.ch\/en\/about-us\/#breadcrumb"},"inLanguage":"en-US","potentialAction":[{"@type":"ReadAction","target":["https:\/\/www.pmfmetals.ch\/en\/about-us\/"]}]},{"@type":"BreadcrumbList","@id":"https:\/\/www.pmfmetals.ch\/en\/about-us\/#breadcrumb","itemListElement":[{"@type":"ListItem","position":1,"name":"Home","item":"https:\/\/www.pmfmetals.ch\/en\/"},{"@type":"ListItem","position":2,"name":"About us"}]},{"@type":"WebSite","@id":"https:\/\/www.pmfmetals.ch\/#website","url":"https:\/\/www.pmfmetals.ch\/","name":"PMF Metals","description":"","potentialAction":[{"@type":"SearchAction","target":{"@type":"EntryPoint","urlTemplate":"https:\/\/www.pmfmetals.ch\/?s={search_term_string}"},"query-input":{"@type":"PropertyValueSpecification","valueRequired":true,"valueName":"search_term_string"}}],"inLanguage":"en-US"}]}},"_links":{"self":[{"href":"https:\/\/www.pmfmetals.ch\/en\/wp-json\/wp\/v2\/pages\/2018","targetHints":{"allow":["GET"]}}],"collection":[{"href":"https:\/\/www.pmfmetals.ch\/en\/wp-json\/wp\/v2\/pages"}],"about":[{"href":"https:\/\/www.pmfmetals.ch\/en\/wp-json\/wp\/v2\/types\/page"}],"author":[{"embeddable":true,"href":"https:\/\/www.pmfmetals.ch\/en\/wp-json\/wp\/v2\/users\/5"}],"replies":[{"embeddable":true,"href":"https:\/\/www.pmfmetals.ch\/en\/wp-json\/wp\/v2\/comments?post=2018"}],"version-history":[{"count":2,"href":"https:\/\/www.pmfmetals.ch\/en\/wp-json\/wp\/v2\/pages\/2018\/revisions"}],"predecessor-version":[{"id":2026,"href":"https:\/\/www.pmfmetals.ch\/en\/wp-json\/wp\/v2\/pages\/2018\/revisions\/2026"}],"wp:attachment":[{"href":"https:\/\/www.pmfmetals.ch\/en\/wp-json\/wp\/v2\/media?parent=2018"}],"curies":[{"name":"wp","href":"https:\/\/api.w.org\/{rel}","templated":true}]}}